{"id":12,"date":"2013-07-16T08:36:17","date_gmt":"2013-07-16T08:36:17","guid":{"rendered":"http:\/\/weserhelden.com\/?page_id=12"},"modified":"2025-09-19T09:58:09","modified_gmt":"2025-09-19T07:58:09","slug":"unterstutzer","status":"publish","type":"page","link":"https:\/\/weserhelden.com\/?page_id=12","title":{"rendered":"Unterst\u00fctzer"},"content":{"rendered":"\n<p><strong>Schirmherrschaft<\/strong><\/p>\n\n\n\n<p>Im Jahr 2025 \u00fcbernehmen Kathrin Moosdorf, Senatorin f\u00fcr Klima, Umwelt und Wirtschaft, und Torsten Klieme, der Staatsrat f\u00fcr Bildung, die Schirmherrschaft f\u00fcr den Klima- und Sponsorenlauf.<\/p>\n\n\n\n<p class=\"has-small-font-size\"><strong>Kathrin Moosdorf<\/strong><\/p>\n\n\n\n<figure class=\"wp-block-image size-large is-resized\"><a href=\"https:\/\/weserhelden.com\/wp-content\/uploads\/2025\/09\/R6_1330pp-scaled.jpg\"><img loading=\"lazy\" decoding=\"async\" width=\"683\" height=\"1024\" src=\"https:\/\/weserhelden.com\/wp-content\/uploads\/2025\/09\/R6_1330pp-683x1024.jpg\" alt=\"\" class=\"wp-image-830\" style=\"width:339px;height:auto\" srcset=\"https:\/\/weserhelden.com\/wp-content\/uploads\/2025\/09\/R6_1330pp-683x1024.jpg 683w, https:\/\/weserhelden.com\/wp-content\/uploads\/2025\/09\/R6_1330pp-200x300.jpg 200w, https:\/\/weserhelden.com\/wp-content\/uploads\/2025\/09\/R6_1330pp-768x1152.jpg 768w, https:\/\/weserhelden.com\/wp-content\/uploads\/2025\/09\/R6_1330pp-1024x1536.jpg 1024w, https:\/\/weserhelden.com\/wp-content\/uploads\/2025\/09\/R6_1330pp-1365x2048.jpg 1365w, https:\/\/weserhelden.com\/wp-content\/uploads\/2025\/09\/R6_1330pp-624x936.jpg 624w, https:\/\/weserhelden.com\/wp-content\/uploads\/2025\/09\/R6_1330pp-scaled.jpg 1707w\" sizes=\"auto, (max-width: 683px) 100vw, 683px\" \/><\/a><figcaption class=\"wp-element-caption\">Katrin Moosdorf, 10\/23\nDie Senatorin f\u00fcr Umwelt, Klima und Wissenschaft (SUKW) .\nLandesministerium f\u00fcr Umwelt- und Klimafragen sowie Wissenschaft der Freien Hansestadt Bremen.<\/figcaption><\/figure>\n\n\n\n<p>\u201eHier gehen Kinder mit gutem Beispiel voran. Sie werden als Weserhelden aktiv f\u00fcrs Klima. Jeder zur\u00fcck gelegte Kilometer z\u00e4hlt, denn mit jedem Meter gibt es mehr Geld f\u00fcr Umweltbildungs- und Klimaprojekte. Ich w\u00fcnsche allen Kindern viel Freude und danke sehr, dass ihr auf dieses wichtige Thema aufmerksam macht. Euer Beitrag z\u00e4hlt.\u201c<\/p>\n\n\n\n<p class=\"has-small-font-size\"><strong>Torsten Klieme<\/strong><\/p>\n\n\n\n<figure class=\"wp-block-image size-full is-resized\"><a href=\"https:\/\/weserhelden.com\/wp-content\/uploads\/2025\/09\/Bild-Torsten-Klieme.jpg\"><img loading=\"lazy\" decoding=\"async\" width=\"585\" height=\"819\" src=\"https:\/\/weserhelden.com\/wp-content\/uploads\/2025\/09\/Bild-Torsten-Klieme.jpg\" alt=\"\" class=\"wp-image-811\" style=\"width:339px;height:auto\" srcset=\"https:\/\/weserhelden.com\/wp-content\/uploads\/2025\/09\/Bild-Torsten-Klieme.jpg 585w, https:\/\/weserhelden.com\/wp-content\/uploads\/2025\/09\/Bild-Torsten-Klieme-214x300.jpg 214w\" sizes=\"auto, (max-width: 585px) 100vw, 585px\" \/><\/a><figcaption class=\"wp-element-caption\">Portrait von Staatsrat Torsten Klieme<\/figcaption><\/figure>\n\n\n\n<p>&#8220;Kleine Taten \u2013 gro\u00dfe Wirkung! Genau das zeigt sich am 18. September beim Bremer<br>Klimalauf. Hunderte Sch\u00fcler:innen, Auszubildende laufen, radeln, skaten oder<br>spazieren \u2013 nicht nur f\u00fcr sich, sondern f\u00fcr Natur- und Klimaschutz. Unterst\u00fctzt<br>werden in diesem Jahr Jugend- und Umweltprojekte in unserer Partnerstadt Durban<br>(S\u00fcdafrika) sowie der Bau eines Jugend- und Freizeitsportgel\u00e4ndes auf dem Gel\u00e4nde<br>der ehemaligen Galopprennbahn in Sebaldsbr\u00fcck. So verbinden junge Menschen<br>Bewegung und Gemeinschaft mit Verantwortung f\u00fcr die Zukunft. Jede Runde sendet<br>ein starkes Signal: Bremen steht zusammen f\u00fcr konsequenten Klimaschutz.<br>Als Staatsrat bei der Senatorin f\u00fcr Kinder und Bildung danke ich allen<br>Teilnehmenden, insbesondere denen aus Schulen, Unterst\u00fctzer:innen und den<br>Organisator:innen vom Sportgarten. Ihr macht den \u201eWeserhelden\u201c-Lauf seit Jahren<br>zu einem besonderen Ereignis, das \u00fcber Bremen hinausstrahlt.<br>Darum: Habt Spa\u00df, sammelt Kilometer \u2013 und nehmt mit, was am wichtigsten ist: das<br>gute Gef\u00fchl, mit jedem Schritt etwas zu bewegen.&#8221;<\/p>\n\n\n\n<p><strong>Klimahelden-Stationen<\/strong><\/p>\n\n\n\n<p>Die Klimahelden-Stationen entlang der Strecke werden vom BUND und dem Sportgarten e.V. organsiert.<\/p>\n\n\n\n<p class=\"has-medium-font-size\"><strong>Veranstalter:innen und Partner:innen<\/strong><\/p>\n\n\n\n<p><strong>Veranstalter:innen<\/strong><\/p>\n\n\n\n<figure class=\"wp-block-image size-full is-resized\"><a href=\"https:\/\/weserhelden.com\/wp-content\/uploads\/2025\/09\/Sportgarten.png\"><img loading=\"lazy\" decoding=\"async\" width=\"325\" height=\"165\" src=\"https:\/\/weserhelden.com\/wp-content\/uploads\/2025\/09\/Sportgarten.png\" alt=\"\" class=\"wp-image-859\" style=\"width:169px;height:auto\" srcset=\"https:\/\/weserhelden.com\/wp-content\/uploads\/2025\/09\/Sportgarten.png 325w, https:\/\/weserhelden.com\/wp-content\/uploads\/2025\/09\/Sportgarten-300x152.png 300w\" sizes=\"auto, (max-width: 325px) 100vw, 325px\" \/><\/a><\/figure>\n\n\n\n<p><strong>Kooperationspartner:innen<\/strong><\/p>\n\n\n\n<figure class=\"wp-block-image size-full is-resized\"><a href=\"https:\/\/weserhelden.com\/wp-content\/uploads\/2025\/09\/Bild21.jpg\"><img loading=\"lazy\" decoding=\"async\" width=\"416\" height=\"215\" src=\"https:\/\/weserhelden.com\/wp-content\/uploads\/2025\/09\/Bild21.jpg\" alt=\"\" class=\"wp-image-884\" style=\"width:170px;height:auto\" srcset=\"https:\/\/weserhelden.com\/wp-content\/uploads\/2025\/09\/Bild21.jpg 416w, https:\/\/weserhelden.com\/wp-content\/uploads\/2025\/09\/Bild21-300x155.jpg 300w\" sizes=\"auto, (max-width: 416px) 100vw, 416px\" \/><\/a><\/figure>\n\n\n\n<figure class=\"wp-block-image size-full is-resized\"><a href=\"https:\/\/weserhelden.com\/wp-content\/uploads\/2025\/09\/Logo_Social_Media-Wasserrettung1-1.png\"><img loading=\"lazy\" decoding=\"async\" width=\"960\" height=\"960\" src=\"https:\/\/weserhelden.com\/wp-content\/uploads\/2025\/09\/Logo_Social_Media-Wasserrettung1-1.png\" alt=\"\" class=\"wp-image-865\" style=\"width:170px;height:auto\" srcset=\"https:\/\/weserhelden.com\/wp-content\/uploads\/2025\/09\/Logo_Social_Media-Wasserrettung1-1.png 960w, https:\/\/weserhelden.com\/wp-content\/uploads\/2025\/09\/Logo_Social_Media-Wasserrettung1-1-300x300.png 300w, https:\/\/weserhelden.com\/wp-content\/uploads\/2025\/09\/Logo_Social_Media-Wasserrettung1-1-150x150.png 150w, https:\/\/weserhelden.com\/wp-content\/uploads\/2025\/09\/Logo_Social_Media-Wasserrettung1-1-768x768.png 768w, https:\/\/weserhelden.com\/wp-content\/uploads\/2025\/09\/Logo_Social_Media-Wasserrettung1-1-624x624.png 624w\" sizes=\"auto, (max-width: 960px) 100vw, 960px\" \/><\/a><\/figure>\n\n\n\n<figure class=\"wp-block-image size-full is-resized\"><a href=\"https:\/\/weserhelden.com\/wp-content\/uploads\/2025\/09\/Werder-bewgt-logo.jpg\"><img loading=\"lazy\" decoding=\"async\" width=\"257\" height=\"182\" src=\"https:\/\/weserhelden.com\/wp-content\/uploads\/2025\/09\/Werder-bewgt-logo.jpg\" alt=\"\" class=\"wp-image-860\" style=\"width:168px;height:auto\"\/><\/a><\/figure>\n\n\n\n<p><strong>U23-Cheftrainer Christian Brand<\/strong>: \u201eDer Klimaspendenlauf der Weserhelden ist eine tolle Initiative, gerade auch um sinnhafte Projekte zu unterst\u00fctzen. Daran nehmen wir nat\u00fcrlich gerne teil. Wir freuen uns, ein Teil davon zu sein.\u201c<\/p>\n\n\n\n<figure class=\"wp-block-image size-full is-resized\"><a href=\"https:\/\/weserhelden.com\/wp-content\/uploads\/2025\/09\/bund_logo_sticker-m.png\"><img loading=\"lazy\" decoding=\"async\" width=\"882\" height=\"794\" src=\"https:\/\/weserhelden.com\/wp-content\/uploads\/2025\/09\/bund_logo_sticker-m.png\" alt=\"\" class=\"wp-image-910\" style=\"width:166px;height:auto\" srcset=\"https:\/\/weserhelden.com\/wp-content\/uploads\/2025\/09\/bund_logo_sticker-m.png 882w, https:\/\/weserhelden.com\/wp-content\/uploads\/2025\/09\/bund_logo_sticker-m-300x270.png 300w, https:\/\/weserhelden.com\/wp-content\/uploads\/2025\/09\/bund_logo_sticker-m-768x691.png 768w, https:\/\/weserhelden.com\/wp-content\/uploads\/2025\/09\/bund_logo_sticker-m-624x562.png 624w\" sizes=\"auto, (max-width: 882px) 100vw, 882px\" \/><\/a><\/figure>\n\n\n\n<p><strong>Preisstifter:innen<\/strong><\/p>\n\n\n\n<figure class=\"wp-block-image size-large is-resized\"><a href=\"https:\/\/weserhelden.com\/wp-content\/uploads\/2025\/09\/AtitudeLifestyleschragLogo_handUnterzeile.jpg\"><img loading=\"lazy\" decoding=\"async\" width=\"1024\" height=\"283\" src=\"https:\/\/weserhelden.com\/wp-content\/uploads\/2025\/09\/AtitudeLifestyleschragLogo_handUnterzeile-1024x283.jpg\" alt=\"\" class=\"wp-image-906\" style=\"width:163px;height:auto\" srcset=\"https:\/\/weserhelden.com\/wp-content\/uploads\/2025\/09\/AtitudeLifestyleschragLogo_handUnterzeile-1024x283.jpg 1024w, https:\/\/weserhelden.com\/wp-content\/uploads\/2025\/09\/AtitudeLifestyleschragLogo_handUnterzeile-300x83.jpg 300w, https:\/\/weserhelden.com\/wp-content\/uploads\/2025\/09\/AtitudeLifestyleschragLogo_handUnterzeile-768x212.jpg 768w, https:\/\/weserhelden.com\/wp-content\/uploads\/2025\/09\/AtitudeLifestyleschragLogo_handUnterzeile-624x173.jpg 624w, https:\/\/weserhelden.com\/wp-content\/uploads\/2025\/09\/AtitudeLifestyleschragLogo_handUnterzeile.jpg 1276w\" sizes=\"auto, (max-width: 1024px) 100vw, 1024px\" \/><\/a><\/figure>\n\n\n\n<figure class=\"wp-block-image size-large is-resized\"><a href=\"https:\/\/weserhelden.com\/wp-content\/uploads\/2025\/09\/BBB-logo-siegel4.jpg\"><img loading=\"lazy\" decoding=\"async\" width=\"1024\" height=\"1024\" src=\"https:\/\/weserhelden.com\/wp-content\/uploads\/2025\/09\/BBB-logo-siegel4-1024x1024.jpg\" alt=\"\" class=\"wp-image-903\" style=\"width:166px;height:auto\" srcset=\"https:\/\/weserhelden.com\/wp-content\/uploads\/2025\/09\/BBB-logo-siegel4-1024x1024.jpg 1024w, https:\/\/weserhelden.com\/wp-content\/uploads\/2025\/09\/BBB-logo-siegel4-300x300.jpg 300w, https:\/\/weserhelden.com\/wp-content\/uploads\/2025\/09\/BBB-logo-siegel4-150x150.jpg 150w, https:\/\/weserhelden.com\/wp-content\/uploads\/2025\/09\/BBB-logo-siegel4-768x768.jpg 768w, https:\/\/weserhelden.com\/wp-content\/uploads\/2025\/09\/BBB-logo-siegel4-1536x1536.jpg 1536w, https:\/\/weserhelden.com\/wp-content\/uploads\/2025\/09\/BBB-logo-siegel4-2048x2048.jpg 2048w, https:\/\/weserhelden.com\/wp-content\/uploads\/2025\/09\/BBB-logo-siegel4-624x624.jpg 624w\" sizes=\"auto, (max-width: 1024px) 100vw, 1024px\" \/><\/a><\/figure>\n\n\n\n<figure class=\"wp-block-image size-full is-resized\"><a href=\"https:\/\/weserhelden.com\/wp-content\/uploads\/2025\/09\/Alliance_BMX_Logo_CMYK.png\"><img loading=\"lazy\" decoding=\"async\" width=\"389\" height=\"264\" src=\"https:\/\/weserhelden.com\/wp-content\/uploads\/2025\/09\/Alliance_BMX_Logo_CMYK.png\" alt=\"\" class=\"wp-image-904\" style=\"width:167px;height:auto\" srcset=\"https:\/\/weserhelden.com\/wp-content\/uploads\/2025\/09\/Alliance_BMX_Logo_CMYK.png 389w, https:\/\/weserhelden.com\/wp-content\/uploads\/2025\/09\/Alliance_BMX_Logo_CMYK-300x204.png 300w\" sizes=\"auto, (max-width: 389px) 100vw, 389px\" \/><\/a><\/figure>\n\n\n\n<figure class=\"wp-block-image size-full is-resized\"><a href=\"https:\/\/weserhelden.com\/wp-content\/uploads\/2025\/09\/Bild2.png\"><img loading=\"lazy\" decoding=\"async\" width=\"204\" height=\"114\" src=\"https:\/\/weserhelden.com\/wp-content\/uploads\/2025\/09\/Bild2.png\" alt=\"\" class=\"wp-image-870\" style=\"width:164px;height:auto\"\/><\/a><\/figure>\n\n\n\n<figure class=\"wp-block-image size-full is-resized\"><a href=\"https:\/\/weserhelden.com\/wp-content\/uploads\/2025\/09\/etage-Tanz-und-Bewegung-1.png\"><img loading=\"lazy\" decoding=\"async\" width=\"559\" height=\"200\" src=\"https:\/\/weserhelden.com\/wp-content\/uploads\/2025\/09\/etage-Tanz-und-Bewegung-1.png\" alt=\"\" class=\"wp-image-871\" style=\"width:162px;height:auto\" srcset=\"https:\/\/weserhelden.com\/wp-content\/uploads\/2025\/09\/etage-Tanz-und-Bewegung-1.png 559w, https:\/\/weserhelden.com\/wp-content\/uploads\/2025\/09\/etage-Tanz-und-Bewegung-1-300x107.png 300w\" sizes=\"auto, (max-width: 559px) 100vw, 559px\" \/><\/a><\/figure>\n\n\n\n<figure class=\"wp-block-image size-large is-resized\"><a href=\"https:\/\/weserhelden.com\/wp-content\/uploads\/2025\/09\/Fairtragen-scaled.jpg\"><img loading=\"lazy\" decoding=\"async\" width=\"1024\" height=\"181\" src=\"https:\/\/weserhelden.com\/wp-content\/uploads\/2025\/09\/Fairtragen-1024x181.jpg\" alt=\"\" class=\"wp-image-905\" style=\"width:165px;height:auto\" srcset=\"https:\/\/weserhelden.com\/wp-content\/uploads\/2025\/09\/Fairtragen-1024x181.jpg 1024w, https:\/\/weserhelden.com\/wp-content\/uploads\/2025\/09\/Fairtragen-300x53.jpg 300w, https:\/\/weserhelden.com\/wp-content\/uploads\/2025\/09\/Fairtragen-768x136.jpg 768w, https:\/\/weserhelden.com\/wp-content\/uploads\/2025\/09\/Fairtragen-1536x272.jpg 1536w, https:\/\/weserhelden.com\/wp-content\/uploads\/2025\/09\/Fairtragen-2048x362.jpg 2048w, https:\/\/weserhelden.com\/wp-content\/uploads\/2025\/09\/Fairtragen-624x110.jpg 624w\" sizes=\"auto, (max-width: 1024px) 100vw, 1024px\" \/><\/a><\/figure>\n\n\n\n<figure class=\"wp-block-image size-full is-resized\"><a href=\"https:\/\/weserhelden.com\/wp-content\/uploads\/2025\/09\/glueckstreter_logo_web_small.jpg\"><img loading=\"lazy\" decoding=\"async\" width=\"503\" height=\"411\" src=\"https:\/\/weserhelden.com\/wp-content\/uploads\/2025\/09\/glueckstreter_logo_web_small.jpg\" alt=\"\" class=\"wp-image-907\" style=\"width:164px;height:auto\" srcset=\"https:\/\/weserhelden.com\/wp-content\/uploads\/2025\/09\/glueckstreter_logo_web_small.jpg 503w, https:\/\/weserhelden.com\/wp-content\/uploads\/2025\/09\/glueckstreter_logo_web_small-300x245.jpg 300w\" sizes=\"auto, (max-width: 503px) 100vw, 503px\" \/><\/a><\/figure>\n\n\n\n<figure class=\"wp-block-image size-full is-resized\"><a href=\"https:\/\/weserhelden.com\/wp-content\/uploads\/2025\/09\/image_png-1.png\"><img loading=\"lazy\" decoding=\"async\" width=\"226\" height=\"223\" src=\"https:\/\/weserhelden.com\/wp-content\/uploads\/2025\/09\/image_png-1.png\" alt=\"\" class=\"wp-image-902\" style=\"width:162px;height:auto\"\/><\/a><\/figure>\n\n\n\n<figure class=\"wp-block-image size-full is-resized\"><a href=\"https:\/\/weserhelden.com\/wp-content\/uploads\/2025\/09\/Klimashaus.png\"><img loading=\"lazy\" decoding=\"async\" width=\"173\" height=\"37\" src=\"https:\/\/weserhelden.com\/wp-content\/uploads\/2025\/09\/Klimashaus.png\" alt=\"\" class=\"wp-image-877\" style=\"width:164px;height:auto\"\/><\/a><\/figure>\n\n\n\n<figure class=\"wp-block-image size-large is-resized\"><a href=\"https:\/\/weserhelden.com\/wp-content\/uploads\/2025\/09\/Logo_ooley-black.png\"><img loading=\"lazy\" decoding=\"async\" width=\"1024\" height=\"802\" src=\"https:\/\/weserhelden.com\/wp-content\/uploads\/2025\/09\/Logo_ooley-black-1024x802.png\" alt=\"\" class=\"wp-image-912\" style=\"width:157px;height:auto\" srcset=\"https:\/\/weserhelden.com\/wp-content\/uploads\/2025\/09\/Logo_ooley-black-1024x802.png 1024w, https:\/\/weserhelden.com\/wp-content\/uploads\/2025\/09\/Logo_ooley-black-300x235.png 300w, https:\/\/weserhelden.com\/wp-content\/uploads\/2025\/09\/Logo_ooley-black-768x601.png 768w, https:\/\/weserhelden.com\/wp-content\/uploads\/2025\/09\/Logo_ooley-black-1536x1203.png 1536w, https:\/\/weserhelden.com\/wp-content\/uploads\/2025\/09\/Logo_ooley-black-624x489.png 624w, https:\/\/weserhelden.com\/wp-content\/uploads\/2025\/09\/Logo_ooley-black.png 1554w\" sizes=\"auto, (max-width: 1024px) 100vw, 1024px\" \/><\/a><\/figure>\n\n\n\n<figure class=\"wp-block-image size-large is-resized\"><a href=\"https:\/\/weserhelden.com\/wp-content\/uploads\/2025\/09\/linie-7.png\"><img loading=\"lazy\" decoding=\"async\" width=\"1024\" height=\"1024\" src=\"https:\/\/weserhelden.com\/wp-content\/uploads\/2025\/09\/linie-7-1024x1024.png\" alt=\"\" class=\"wp-image-896\" style=\"width:157px;height:auto\" srcset=\"https:\/\/weserhelden.com\/wp-content\/uploads\/2025\/09\/linie-7-1024x1024.png 1024w, https:\/\/weserhelden.com\/wp-content\/uploads\/2025\/09\/linie-7-300x300.png 300w, https:\/\/weserhelden.com\/wp-content\/uploads\/2025\/09\/linie-7-150x150.png 150w, https:\/\/weserhelden.com\/wp-content\/uploads\/2025\/09\/linie-7-768x768.png 768w, https:\/\/weserhelden.com\/wp-content\/uploads\/2025\/09\/linie-7-624x624.png 624w, https:\/\/weserhelden.com\/wp-content\/uploads\/2025\/09\/linie-7.png 1059w\" sizes=\"auto, (max-width: 1024px) 100vw, 1024px\" \/><\/a><\/figure>\n\n\n\n<figure class=\"wp-block-image size-full is-resized\"><a href=\"https:\/\/weserhelden.com\/wp-content\/uploads\/2025\/09\/UEM_Logo_rgb_quer.jpg\"><img loading=\"lazy\" decoding=\"async\" width=\"347\" height=\"171\" src=\"https:\/\/weserhelden.com\/wp-content\/uploads\/2025\/09\/UEM_Logo_rgb_quer.jpg\" alt=\"\" class=\"wp-image-908\" style=\"width:156px;height:auto\" srcset=\"https:\/\/weserhelden.com\/wp-content\/uploads\/2025\/09\/UEM_Logo_rgb_quer.jpg 347w, https:\/\/weserhelden.com\/wp-content\/uploads\/2025\/09\/UEM_Logo_rgb_quer-300x148.jpg 300w\" sizes=\"auto, (max-width: 347px) 100vw, 347px\" \/><\/a><\/figure>\n\n\n\n<figure class=\"wp-block-image size-full is-resized\"><a href=\"https:\/\/weserhelden.com\/wp-content\/uploads\/2025\/09\/Hafenmuseum.png\"><img loading=\"lazy\" decoding=\"async\" width=\"225\" height=\"225\" src=\"https:\/\/weserhelden.com\/wp-content\/uploads\/2025\/09\/Hafenmuseum.png\" alt=\"\" class=\"wp-image-909\" style=\"width:157px;height:auto\" srcset=\"https:\/\/weserhelden.com\/wp-content\/uploads\/2025\/09\/Hafenmuseum.png 225w, https:\/\/weserhelden.com\/wp-content\/uploads\/2025\/09\/Hafenmuseum-150x150.png 150w\" sizes=\"auto, (max-width: 225px) 100vw, 225px\" \/><\/a><\/figure>\n\n\n\n<figure class=\"wp-block-image size-full is-resized\"><a href=\"https:\/\/weserhelden.com\/wp-content\/uploads\/2025\/09\/GOP-Variete.png\"><img loading=\"lazy\" decoding=\"async\" width=\"1024\" height=\"1024\" src=\"https:\/\/weserhelden.com\/wp-content\/uploads\/2025\/09\/GOP-Variete.png\" alt=\"\" class=\"wp-image-895\" style=\"width:157px;height:auto\" srcset=\"https:\/\/weserhelden.com\/wp-content\/uploads\/2025\/09\/GOP-Variete.png 1024w, https:\/\/weserhelden.com\/wp-content\/uploads\/2025\/09\/GOP-Variete-300x300.png 300w, https:\/\/weserhelden.com\/wp-content\/uploads\/2025\/09\/GOP-Variete-150x150.png 150w, https:\/\/weserhelden.com\/wp-content\/uploads\/2025\/09\/GOP-Variete-768x768.png 768w, https:\/\/weserhelden.com\/wp-content\/uploads\/2025\/09\/GOP-Variete-624x624.png 624w\" sizes=\"auto, (max-width: 1024px) 100vw, 1024px\" \/><\/a><\/figure>\n\n\n\n<figure class=\"wp-block-image size-full is-resized\"><a href=\"https:\/\/weserhelden.com\/wp-content\/uploads\/2025\/09\/Sportgarten-1.png\"><img loading=\"lazy\" decoding=\"async\" width=\"325\" height=\"165\" src=\"https:\/\/weserhelden.com\/wp-content\/uploads\/2025\/09\/Sportgarten-1.png\" alt=\"\" class=\"wp-image-879\" style=\"width:156px;height:auto\" srcset=\"https:\/\/weserhelden.com\/wp-content\/uploads\/2025\/09\/Sportgarten-1.png 325w, https:\/\/weserhelden.com\/wp-content\/uploads\/2025\/09\/Sportgarten-1-300x152.png 300w\" sizes=\"auto, (max-width: 325px) 100vw, 325px\" \/><\/a><\/figure>\n\n\n\n<p><strong>Unterst\u00fctzer:innen<\/strong><\/p>\n\n\n\n<figure class=\"wp-block-image size-full is-resized\"><a href=\"https:\/\/weserhelden.com\/wp-content\/uploads\/2025\/09\/352045-hansewasser.webp\"><img loading=\"lazy\" decoding=\"async\" width=\"400\" height=\"89\" src=\"https:\/\/weserhelden.com\/wp-content\/uploads\/2025\/09\/352045-hansewasser.webp\" alt=\"\" class=\"wp-image-894\" style=\"width:159px;height:auto\" srcset=\"https:\/\/weserhelden.com\/wp-content\/uploads\/2025\/09\/352045-hansewasser.webp 400w, https:\/\/weserhelden.com\/wp-content\/uploads\/2025\/09\/352045-hansewasser-300x67.webp 300w\" sizes=\"auto, (max-width: 400px) 100vw, 400px\" \/><\/a><\/figure>\n\n\n\n<figure class=\"wp-block-image size-full is-resized\"><a href=\"https:\/\/weserhelden.com\/wp-content\/uploads\/2025\/09\/aleco-1.jpg\"><img loading=\"lazy\" decoding=\"async\" width=\"389\" height=\"172\" src=\"https:\/\/weserhelden.com\/wp-content\/uploads\/2025\/09\/aleco-1.jpg\" alt=\"\" class=\"wp-image-881\" style=\"width:159px;height:auto\" srcset=\"https:\/\/weserhelden.com\/wp-content\/uploads\/2025\/09\/aleco-1.jpg 389w, https:\/\/weserhelden.com\/wp-content\/uploads\/2025\/09\/aleco-1-300x133.jpg 300w\" sizes=\"auto, (max-width: 389px) 100vw, 389px\" \/><\/a><\/figure>\n\n\n\n<figure class=\"wp-block-image size-full is-resized\"><a href=\"https:\/\/weserhelden.com\/wp-content\/uploads\/2025\/09\/nkk-logo-mit-claim.png\"><img loading=\"lazy\" decoding=\"async\" width=\"200\" height=\"228\" src=\"https:\/\/weserhelden.com\/wp-content\/uploads\/2025\/09\/nkk-logo-mit-claim.png\" alt=\"\" class=\"wp-image-887\" style=\"width:157px;height:auto\"\/><\/a><\/figure>\n\n\n\n<p><\/p>\n","protected":false},"excerpt":{"rendered":"<p>Schirmherrschaft Im Jahr 2025 \u00fcbernehmen Kathrin Moosdorf, Senatorin f\u00fcr Klima, Umwelt und Wirtschaft, und Torsten Klieme, der Staatsrat f\u00fcr Bildung, die Schirmherrschaft f\u00fcr den Klima- und Sponsorenlauf. Kathrin Moosdorf \u201eHier gehen Kinder mit gutem Beispiel voran. Sie werden als Weserhelden aktiv f\u00fcrs Klima. Jeder zur\u00fcck gelegte Kilometer z\u00e4hlt, denn mit jedem Meter gibt es mehr [&hellip;]<\/p>\n","protected":false},"author":1,"featured_media":0,"parent":0,"menu_order":0,"comment_status":"closed","ping_status":"open","template":"","meta":{"footnotes":""},"class_list":["post-12","page","type-page","status-publish","hentry"],"_links":{"self":[{"href":"https:\/\/weserhelden.com\/index.php?rest_route=\/wp\/v2\/pages\/12","targetHints":{"allow":["GET"]}}],"collection":[{"href":"https:\/\/weserhelden.com\/index.php?rest_route=\/wp\/v2\/pages"}],"about":[{"href":"https:\/\/weserhelden.com\/index.php?rest_route=\/wp\/v2\/types\/page"}],"author":[{"embeddable":true,"href":"https:\/\/weserhelden.com\/index.php?rest_route=\/wp\/v2\/users\/1"}],"replies":[{"embeddable":true,"href":"https:\/\/weserhelden.com\/index.php?rest_route=%2Fwp%2Fv2%2Fcomments&post=12"}],"version-history":[{"count":68,"href":"https:\/\/weserhelden.com\/index.php?rest_route=\/wp\/v2\/pages\/12\/revisions"}],"predecessor-version":[{"id":914,"href":"https:\/\/weserhelden.com\/index.php?rest_route=\/wp\/v2\/pages\/12\/revisions\/914"}],"wp:attachment":[{"href":"https:\/\/weserhelden.com\/index.php?rest_route=%2Fwp%2Fv2%2Fmedia&parent=12"}],"curies":[{"name":"wp","href":"https:\/\/api.w.org\/{rel}","templated":true}]}}