{"id":14,"date":"2013-07-16T08:34:14","date_gmt":"2013-07-16T08:34:14","guid":{"rendered":"http:\/\/weserhelden.com\/?page_id=14"},"modified":"2026-01-06T16:56:26","modified_gmt":"2026-01-06T15:56:26","slug":"kontakt","status":"publish","type":"page","link":"https:\/\/weserhelden.com\/?page_id=14","title":{"rendered":"Kontakt\/Impressum"},"content":{"rendered":"<p>Sportgarten e. V.<br \/>\nHanns-Ulrich Barde<br \/>\nAn der Weide 50a<br \/>\n28195 Bremen<br \/>\n0421-75 80 8<br \/>\nbarde@sportgarten.de<br \/>\n<a title=\"sportgarten\" href=\"http:\/\/www.sportgarten.de\/\" target=\"_blank\" rel=\"noopener\">www.sportgarten.de<\/a><\/p>\n<p><strong>Copyright<\/strong><br \/>\nAlle Inhalte dieser Seite sind urheberrechtlich gesch\u00fctzt und d\u00fcrfen nicht frei verwendet werden. Fotos k\u00f6nnen nur genutzt werden, sofern dies ausdr\u00fccklich erlaubt ist.<\/p>\n<p><strong>Haftung f\u00fcr Links<\/strong><br \/>\nDer Betreiber dieser Internetseite erkl\u00e4rt hiermit ausdr\u00fccklich, dass zum Zeitpunkt der Linksetzung keine illegalen Inhalte auf den zu verlinkenden Seiten erkennbar waren. Auf die aktuelle und zuk\u00fcnftige Gestaltung, die Inhalte oder die Urheberschaft der verlinkten Seiten habt der Betreiber keinerlei Einfluss. Deshalb distanziert er sich hiermit ausdr\u00fccklich von allen Inhalten aller verlinkten Seiten, die nach der Linksetzung ver\u00e4ndert wurden. Diese Feststellung gilt f\u00fcr alle innerhalb des eigenen Internetangebotes gesetzten Links und Verweise. F\u00fcr illegale, fehlerhafte oder unvollst\u00e4ndige Inhalte und insbesondere f\u00fcr Sch\u00e4den, die aus der Nutzung oder Nichtnutzung solcherart dargebotener Informationen entstehen, haftet allein der Anbieter der Seite, auf welche verwiesen wurde, nicht derjenige, der \u00fcber Links auf die jeweilige Ver\u00f6ffentlichung lediglich verweist.<\/p>\n","protected":false},"excerpt":{"rendered":"<p>Sportgarten e. V. Hanns-Ulrich Barde An der Weide 50a 28195 Bremen 0421-75 80 8 barde@sportgarten.de www.sportgarten.de Copyright Alle Inhalte dieser Seite sind urheberrechtlich gesch\u00fctzt und d\u00fcrfen nicht frei verwendet werden. Fotos k\u00f6nnen nur genutzt werden, sofern dies ausdr\u00fccklich erlaubt ist. Haftung f\u00fcr Links Der Betreiber dieser Internetseite erkl\u00e4rt hiermit ausdr\u00fccklich, dass zum Zeitpunkt der Linksetzung [&hellip;]<\/p>\n","protected":false},"author":1,"featured_media":0,"parent":0,"menu_order":0,"comment_status":"closed","ping_status":"open","template":"","meta":{"footnotes":""},"class_list":["post-14","page","type-page","status-publish","hentry"],"_links":{"self":[{"href":"https:\/\/weserhelden.com\/index.php?rest_route=\/wp\/v2\/pages\/14","targetHints":{"allow":["GET"]}}],"collection":[{"href":"https:\/\/weserhelden.com\/index.php?rest_route=\/wp\/v2\/pages"}],"about":[{"href":"https:\/\/weserhelden.com\/index.php?rest_route=\/wp\/v2\/types\/page"}],"author":[{"embeddable":true,"href":"https:\/\/weserhelden.com\/index.php?rest_route=\/wp\/v2\/users\/1"}],"replies":[{"embeddable":true,"href":"https:\/\/weserhelden.com\/index.php?rest_route=%2Fwp%2Fv2%2Fcomments&post=14"}],"version-history":[{"count":11,"href":"https:\/\/weserhelden.com\/index.php?rest_route=\/wp\/v2\/pages\/14\/revisions"}],"predecessor-version":[{"id":936,"href":"https:\/\/weserhelden.com\/index.php?rest_route=\/wp\/v2\/pages\/14\/revisions\/936"}],"wp:attachment":[{"href":"https:\/\/weserhelden.com\/index.php?rest_route=%2Fwp%2Fv2%2Fmedia&parent=14"}],"curies":[{"name":"wp","href":"https:\/\/api.w.org\/{rel}","templated":true}]}}